{"id":102,"date":"2019-07-04T21:07:06","date_gmt":"2019-07-05T02:07:06","guid":{"rendered":"https:\/\/isaac-g.tech\/Blog\/?page_id=102"},"modified":"2019-12-11T01:31:23","modified_gmt":"2019-12-11T07:31:23","slug":"politicas-de-privacidad","status":"publish","type":"page","link":"https:\/\/isaac-g.tech\/blog\/politicas-de-privacidad\/","title":{"rendered":"Pol\u00edtica de privacidad."},"content":{"rendered":"\n<p>La presente Pol\u00edtica de Privacidad establece los t\u00e9rminos en que Isaac-g.tech usa y protege la informaci\u00f3n que es proporcionada por sus usuarios al momento de utilizar su sitio web. Esta compa\u00f1\u00eda est\u00e1 comprometida con la seguridad de los datos de sus usuarios. Cuando le pedimos llenar los campos de informaci\u00f3n personal con la cual usted pueda ser identificado, lo hacemos asegurando que s\u00f3lo se emplear\u00e1 de acuerdo con los t\u00e9rminos de este documento. Sin embargo esta Pol\u00edtica de Privacidad puede cambiar con el tiempo o ser actualizada por lo que le recomendamos y enfatizamos revisar continuamente esta p\u00e1gina para asegurarse que est\u00e1 de acuerdo con dichos cambios. <\/p>\n\n\n\n<h2><strong>Informaci\u00f3n que es recogida<\/strong>.<\/h2>\n\n\n\n<p>Nuestro sitio web podr\u00e1 recoger informaci\u00f3n personal por ejemplo: Nombre,&nbsp; informaci\u00f3n de contacto como&nbsp; su direcci\u00f3n de correo electr\u00f3nica e informaci\u00f3n demogr\u00e1fica. As\u00ed mismo cuando sea necesario podr\u00e1 ser requerida informaci\u00f3n espec\u00edfica para procesar alg\u00fan pedido o realizar una entrega o facturaci\u00f3n.<\/p>\n\n\n\n<h3> <strong>Uso de la informaci\u00f3n recogida<\/strong>.<\/h3>\n\n\n\n<p>Nuestro sitio web emplea la informaci\u00f3n con el fin de proporcionar el mejor servicio posible, particularmente para mantener un registro de usuarios, de pedidos en caso que aplique, y mejorar nuestros productos y servicios. <\/p>\n\n\n\n<p>\n\nIsaac-g.tech est\u00e1 altamente comprometido para cumplir con el compromiso de mantener su informaci\u00f3n segura. Usamos los sistemas protegidos de www.hostinger.com que son actualizados constantemente para asegurarse que no exista ning\u00fan acceso no autorizado.\n\n<\/p>\n\n\n\n<h3>Cookies.<\/h3>\n\n\n\n<p>Una cookie se refiere a un fichero que es enviado con la finalidad de solicitar permiso para almacenarse en su ordenador, al aceptar dicho fichero se crea y la cookie sirve entonces para tener informaci\u00f3n respecto al tr\u00e1fico web, y tambi\u00e9n facilita las futuras visitas a una web recurrente. Otra funci\u00f3n que tienen las cookies es que con ellas las web pueden reconocerte individualmente y por tanto brindarte el mejor servicio personalizado de su web. <\/p>\n\n\n\n<p>Nuestro sitio web emplea las cookies para poder identificar su frecuencia de visita e intereses particulares. Esta informaci\u00f3n es empleada \u00fanicamente para an\u00e1lisis estad\u00edstico y despu\u00e9s la informaci\u00f3n se elimina de forma permanente. Usted puede eliminar las cookies en cualquier momento desde su ordenador. Sin embargo las cookies ayudan a proporcionar un mejor servicio de los sitios web, est\u00e1s no dan acceso a informaci\u00f3n de su ordenador ni de usted, a menos de que usted as\u00ed lo quiera y la proporcione directamente. Usted puede aceptar o negar el uso de cookies, sin embargo la mayor\u00eda de navegadores aceptan cookies autom\u00e1ticamente pues sirve para tener un mejor servicio web. Tambi\u00e9n usted puede cambiar la configuraci\u00f3n de su ordenador para declinar las cookies. Si se declinan es posible que no pueda utilizar algunos servicios de ciertas paginas web. <\/p>\n\n\n\n<p>Cuando inicias sesi\u00f3n, tambi\u00e9n instalaremos varias cookies para guardar tu informaci\u00f3n de inicio de sesi\u00f3n y tus opciones de visualizaci\u00f3n de pantalla. Las cookies de inicio de sesi\u00f3n duran dos d\u00edas, y las cookies de opciones de pantalla duran un a\u00f1o. Si seleccionas \u00abRecordarme\u00bb, tu inicio de sesi\u00f3n perdurar\u00e1 durante dos semanas. Si sales de tu cuenta, las cookies de inicio de sesi\u00f3n se eliminar\u00e1n.<\/p>\n\n\n\n<p>Si editas o publicas un art\u00edculo se guardar\u00e1 una cookie adicional en tu navegador. Esta cookie no incluye datos personales y simplemente indica el ID del art\u00edculo que acabas de editar. Caduca despu\u00e9s de 1 d\u00eda.<\/p>\n\n\n\n<h3>Contenido incrustado de otros sitios web<\/h3>\n\n\n\n<p>Los art\u00edculos de este sitio pueden incluir contenido incrustado (por ejemplo, v\u00eddeos, im\u00e1genes, art\u00edculos, etc.). El contenido incrustado de otras web se comporta exactamente de la misma manera que si el visitante hubiera visitado la otra web.<\/p>\n\n\n\n<p>Estas web pueden recopilar datos sobre ti, utilizar cookies, incrustar un seguimiento adicional de terceros, y supervisar tu interacci\u00f3n con ese contenido incrustado, incluido el seguimiento de tu interacci\u00f3n con el contenido incrustado si tienes una cuenta y est\u00e1s conectado a esa web.<\/p>\n\n\n\n<h2> <strong>Enlaces a Terceros<\/strong>.<\/h2>\n\n\n\n<p>Este sitio web pudiera contener enlaces a otros sitios que pudieran ser de su inter\u00e9s. Una vez que usted de clic en estos enlaces y abandone nuestra p\u00e1gina, ya no tenemos control sobre al sitio al que es redirigido y por lo tanto no somos responsables de los t\u00e9rminos o privacidad ni de la protecci\u00f3n de sus datos en esos otros sitios terceros. Dichos sitios est\u00e1n sujetos a sus propias pol\u00edticas de privacidad por lo cual es recomendable que los consulte para confirmar que usted est\u00e1 de acuerdo con estas. <\/p>\n\n\n\n<h2> <strong>Control de su informaci\u00f3n personal<\/strong>.<\/h2>\n\n\n\n<p>Esta compa\u00f1\u00eda no vender\u00e1, ceder\u00e1 ni distribuir\u00e1 la informaci\u00f3n personal que es recopilada sin su consentimiento, salvo que sea requerido por un juez con una orden judicial. <\/p>\n\n\n\n<h2>D\u00f3nde enviamos tus datos<\/h2>\n\n\n\n<p>Los comentarios de los visitantes puede que los revise un servicio de detecci\u00f3n autom\u00e1tica de spam.<\/p>\n\n\n\n<p>Isaac-g.tech Se reserva el derecho de cambiar los t\u00e9rminos de la presente Pol\u00edtica de Privacidad en cualquier momento. <\/p>\n","protected":false},"excerpt":{"rendered":"<p>La presente Pol\u00edtica de Privacidad establece los t\u00e9rminos en que Isaac-g.tech usa y protege la informaci\u00f3n que es proporcionada por sus usuarios al momento de utilizar su sitio web. Esta compa\u00f1\u00eda est\u00e1 comprometida con la seguridad de los datos de sus usuarios. Cuando le pedimos llenar los campos de informaci\u00f3n personal con la cual usted [&hellip;]<\/p>\n","protected":false},"author":1,"featured_media":0,"parent":0,"menu_order":0,"comment_status":"closed","ping_status":"closed","template":"","meta":[],"yoast_head":"<!-- This site is optimized with the Yoast SEO plugin v19.8 - https:\/\/yoast.com\/wordpress\/plugins\/seo\/ -->\n<title>Pol\u00edtica de privacidad. - isaac-g.tech<\/title>\n<meta name=\"robots\" content=\"index, follow, max-snippet:-1, max-image-preview:large, max-video-preview:-1\" \/>\n<link rel=\"canonical\" href=\"https:\/\/isaac-g.tech\/blog\/politicas-de-privacidad\/\" \/>\n<meta property=\"og:locale\" content=\"es_ES\" \/>\n<meta property=\"og:type\" content=\"article\" \/>\n<meta property=\"og:title\" content=\"Pol\u00edtica de privacidad. - isaac-g.tech\" \/>\n<meta property=\"og:description\" content=\"La presente Pol\u00edtica de Privacidad establece los t\u00e9rminos en que Isaac-g.tech usa y protege la informaci\u00f3n que es proporcionada por sus usuarios al momento de utilizar su sitio web. Esta compa\u00f1\u00eda est\u00e1 comprometida con la seguridad de los datos de sus usuarios. Cuando le pedimos llenar los campos de informaci\u00f3n personal con la cual usted [&hellip;]\" \/>\n<meta property=\"og:url\" content=\"https:\/\/isaac-g.tech\/blog\/politicas-de-privacidad\/\" \/>\n<meta property=\"og:site_name\" content=\"isaac-g.tech\" \/>\n<meta property=\"article:publisher\" content=\"https:\/\/www.facebook.com\/IsaacGTech\/\" \/>\n<meta property=\"article:modified_time\" content=\"2019-12-11T07:31:23+00:00\" \/>\n<meta name=\"twitter:card\" content=\"summary_large_image\" \/>\n<meta name=\"twitter:label1\" content=\"Tiempo de lectura\" \/>\n\t<meta name=\"twitter:data1\" content=\"4 minutos\" \/>\n<script type=\"application\/ld+json\" class=\"yoast-schema-graph\">{\"@context\":\"https:\/\/schema.org\",\"@graph\":[{\"@type\":\"WebPage\",\"@id\":\"https:\/\/isaac-g.tech\/blog\/politicas-de-privacidad\/\",\"url\":\"https:\/\/isaac-g.tech\/blog\/politicas-de-privacidad\/\",\"name\":\"Pol\u00edtica de privacidad. - isaac-g.tech\",\"isPartOf\":{\"@id\":\"https:\/\/isaac-g.tech\/blog\/#website\"},\"datePublished\":\"2019-07-05T02:07:06+00:00\",\"dateModified\":\"2019-12-11T07:31:23+00:00\",\"breadcrumb\":{\"@id\":\"https:\/\/isaac-g.tech\/blog\/politicas-de-privacidad\/#breadcrumb\"},\"inLanguage\":\"es\",\"potentialAction\":[{\"@type\":\"ReadAction\",\"target\":[\"https:\/\/isaac-g.tech\/blog\/politicas-de-privacidad\/\"]}]},{\"@type\":\"BreadcrumbList\",\"@id\":\"https:\/\/isaac-g.tech\/blog\/politicas-de-privacidad\/#breadcrumb\",\"itemListElement\":[{\"@type\":\"ListItem\",\"position\":1,\"name\":\"Portada\",\"item\":\"https:\/\/isaac-g.tech\/blog\/\"},{\"@type\":\"ListItem\",\"position\":2,\"name\":\"Pol\u00edtica de privacidad.\"}]},{\"@type\":\"WebSite\",\"@id\":\"https:\/\/isaac-g.tech\/blog\/#website\",\"url\":\"https:\/\/isaac-g.tech\/blog\/\",\"name\":\"isaac-g.tech\",\"description\":\"Un peque\u00f1o espacio para compartir.\",\"publisher\":{\"@id\":\"https:\/\/isaac-g.tech\/blog\/#organization\"},\"potentialAction\":[{\"@type\":\"SearchAction\",\"target\":{\"@type\":\"EntryPoint\",\"urlTemplate\":\"https:\/\/isaac-g.tech\/blog\/?s={search_term_string}\"},\"query-input\":\"required name=search_term_string\"}],\"inLanguage\":\"es\"},{\"@type\":\"Organization\",\"@id\":\"https:\/\/isaac-g.tech\/blog\/#organization\",\"name\":\"Isaac-g.tech\",\"url\":\"https:\/\/isaac-g.tech\/blog\/\",\"sameAs\":[\"https:\/\/www.facebook.com\/IsaacGTech\/\"],\"logo\":{\"@type\":\"ImageObject\",\"inLanguage\":\"es\",\"@id\":\"https:\/\/isaac-g.tech\/blog\/#\/schema\/logo\/image\/\",\"url\":\"https:\/\/isaac-g.tech\/blog\/wp-content\/uploads\/2019\/07\/LogoNT.png\",\"contentUrl\":\"https:\/\/isaac-g.tech\/blog\/wp-content\/uploads\/2019\/07\/LogoNT.png\",\"width\":792,\"height\":612,\"caption\":\"Isaac-g.tech\"},\"image\":{\"@id\":\"https:\/\/isaac-g.tech\/blog\/#\/schema\/logo\/image\/\"}}]}<\/script>\n<!-- \/ Yoast SEO plugin. -->","yoast_head_json":{"title":"Pol\u00edtica de privacidad. - isaac-g.tech","robots":{"index":"index","follow":"follow","max-snippet":"max-snippet:-1","max-image-preview":"max-image-preview:large","max-video-preview":"max-video-preview:-1"},"canonical":"https:\/\/isaac-g.tech\/blog\/politicas-de-privacidad\/","og_locale":"es_ES","og_type":"article","og_title":"Pol\u00edtica de privacidad. - isaac-g.tech","og_description":"La presente Pol\u00edtica de Privacidad establece los t\u00e9rminos en que Isaac-g.tech usa y protege la informaci\u00f3n que es proporcionada por sus usuarios al momento de utilizar su sitio web. Esta compa\u00f1\u00eda est\u00e1 comprometida con la seguridad de los datos de sus usuarios. Cuando le pedimos llenar los campos de informaci\u00f3n personal con la cual usted [&hellip;]","og_url":"https:\/\/isaac-g.tech\/blog\/politicas-de-privacidad\/","og_site_name":"isaac-g.tech","article_publisher":"https:\/\/www.facebook.com\/IsaacGTech\/","article_modified_time":"2019-12-11T07:31:23+00:00","twitter_card":"summary_large_image","twitter_misc":{"Tiempo de lectura":"4 minutos"},"schema":{"@context":"https:\/\/schema.org","@graph":[{"@type":"WebPage","@id":"https:\/\/isaac-g.tech\/blog\/politicas-de-privacidad\/","url":"https:\/\/isaac-g.tech\/blog\/politicas-de-privacidad\/","name":"Pol\u00edtica de privacidad. - isaac-g.tech","isPartOf":{"@id":"https:\/\/isaac-g.tech\/blog\/#website"},"datePublished":"2019-07-05T02:07:06+00:00","dateModified":"2019-12-11T07:31:23+00:00","breadcrumb":{"@id":"https:\/\/isaac-g.tech\/blog\/politicas-de-privacidad\/#breadcrumb"},"inLanguage":"es","potentialAction":[{"@type":"ReadAction","target":["https:\/\/isaac-g.tech\/blog\/politicas-de-privacidad\/"]}]},{"@type":"BreadcrumbList","@id":"https:\/\/isaac-g.tech\/blog\/politicas-de-privacidad\/#breadcrumb","itemListElement":[{"@type":"ListItem","position":1,"name":"Portada","item":"https:\/\/isaac-g.tech\/blog\/"},{"@type":"ListItem","position":2,"name":"Pol\u00edtica de privacidad."}]},{"@type":"WebSite","@id":"https:\/\/isaac-g.tech\/blog\/#website","url":"https:\/\/isaac-g.tech\/blog\/","name":"isaac-g.tech","description":"Un peque\u00f1o espacio para compartir.","publisher":{"@id":"https:\/\/isaac-g.tech\/blog\/#organization"},"potentialAction":[{"@type":"SearchAction","target":{"@type":"EntryPoint","urlTemplate":"https:\/\/isaac-g.tech\/blog\/?s={search_term_string}"},"query-input":"required name=search_term_string"}],"inLanguage":"es"},{"@type":"Organization","@id":"https:\/\/isaac-g.tech\/blog\/#organization","name":"Isaac-g.tech","url":"https:\/\/isaac-g.tech\/blog\/","sameAs":["https:\/\/www.facebook.com\/IsaacGTech\/"],"logo":{"@type":"ImageObject","inLanguage":"es","@id":"https:\/\/isaac-g.tech\/blog\/#\/schema\/logo\/image\/","url":"https:\/\/isaac-g.tech\/blog\/wp-content\/uploads\/2019\/07\/LogoNT.png","contentUrl":"https:\/\/isaac-g.tech\/blog\/wp-content\/uploads\/2019\/07\/LogoNT.png","width":792,"height":612,"caption":"Isaac-g.tech"},"image":{"@id":"https:\/\/isaac-g.tech\/blog\/#\/schema\/logo\/image\/"}}]}},"_links":{"self":[{"href":"https:\/\/isaac-g.tech\/blog\/wp-json\/wp\/v2\/pages\/102"}],"collection":[{"href":"https:\/\/isaac-g.tech\/blog\/wp-json\/wp\/v2\/pages"}],"about":[{"href":"https:\/\/isaac-g.tech\/blog\/wp-json\/wp\/v2\/types\/page"}],"author":[{"embeddable":true,"href":"https:\/\/isaac-g.tech\/blog\/wp-json\/wp\/v2\/users\/1"}],"replies":[{"embeddable":true,"href":"https:\/\/isaac-g.tech\/blog\/wp-json\/wp\/v2\/comments?post=102"}],"version-history":[{"count":3,"href":"https:\/\/isaac-g.tech\/blog\/wp-json\/wp\/v2\/pages\/102\/revisions"}],"predecessor-version":[{"id":249,"href":"https:\/\/isaac-g.tech\/blog\/wp-json\/wp\/v2\/pages\/102\/revisions\/249"}],"wp:attachment":[{"href":"https:\/\/isaac-g.tech\/blog\/wp-json\/wp\/v2\/media?parent=102"}],"curies":[{"name":"wp","href":"https:\/\/api.w.org\/{rel}","templated":true}]}}